{"id":1737,"date":"2021-05-14T09:04:56","date_gmt":"2021-05-14T07:04:56","guid":{"rendered":"https:\/\/hybrid-societies.org\/?page_id=1737"},"modified":"2021-06-10T15:28:51","modified_gmt":"2021-06-10T13:28:51","slug":"barrierefreiheit","status":"publish","type":"page","link":"https:\/\/hybrid-societies.org\/en\/barrierefreiheit\/","title":{"rendered":"Barrierefreiheit"},"content":{"rendered":"\n<p>Hinweis: Aus Gr\u00fcnden der besseren Lesbarkeit wird im Folgenden in der Regel das generische Maskulinum verwendet. S\u00e4mtliche Personen-, Amts- und Funktionsbezeichnungen gelten gleicherma\u00dfen f\u00fcr alle Geschlechter.<\/p>\n\n\n\n<p>Der Sonderforschungsbereich Hybrid Societies als Forschungsverbund an der Technischen Universit\u00e4t Chemnitz ist kontinuierlich bem\u00fcht, seine Webseiten gem\u00e4\u00df dem S\u00e4chsischen Inklusionsgesetz und Barrierefreie-Websites-Gesetz in Verbindung mit der Verordnung zur Schaffung barrierefreier Informationstechnik nach dem Behindertengleichstellungsgesetz (Barrierefreie-Informationstechnik-Verordnung, BITV 2.0) barrierefrei zug\u00e4nglich zu machen.<\/p>\n\n\n\n<p>Diese Erkl\u00e4rung zur Barrierefreiheit gilt f\u00fcr den Webauftritt des Sonderforschungsbereichs Hybrid Societies <a href=\"https:\/\/hybrid-societies.org\">www.hybrid-societies.org<\/a> an der Technischen Universit\u00e4t Chemnitz. Die Erkl\u00e4rung zur Barrierefreiheit der Webseiten der Technischen Universit\u00e4t Chemnitz \u00a0<a href=\"https:\/\/www.tu-chemnitz.de\/\">www.tu-chemnitz.de<\/a> kann <a href=\"https:\/\/www.tu-chemnitz.de\/tu\/barrierefreiheit.html\">hier<\/a> abgerufen werden.<\/p>\n\n\n\n<p><strong>Stand der Vereinbarkeit mit den Anforderungen<\/strong><\/p>\n\n\n\n<p>Grundlage der Barrierefreiheit sind die international g\u00fcltigen Web Content Accessibility Guidelines (WCAG 2.1) auf Konformit\u00e4tsstufe AA und die europ\u00e4ische Norm EN&nbsp;301&nbsp;549, Version 3.1.1. F\u00fcr PDF-Dokumente wird zus\u00e4tzlich der internationale Standard PDF\/UA-1 beachtet. Die Webseiten des Sonderforschungsbereichs Hybrid Societies sind aufgrund der im Folgenden aufgef\u00fchrten Unvereinbarkeiten bzw. Ausnahmen nach den oben genannten Richtlinien nur teilweise barrierefrei.<\/p>\n\n\n\n<p><strong>Nicht barrierefreie Inhalte<\/strong><\/p>\n\n\n\n<ul class=\"wp-block-list\"><li>Teilweise fehlen Alternativen bzw. Alternativtexte f\u00fcr Bilder oder grafische Elemente bzw. Bedienelemente.<\/li><li>Die Hierarchie der \u00dcberschriften wird teilweise nicht eingehalten.<\/li><li>Links k\u00f6nnen unverst\u00e4ndlich sein.<\/li><li>F\u00fcr eingebundene Videos stehen derzeit nicht immer Audiotranskription oder Untertitel zur Verf\u00fcgung.<\/li><li>Nicht alle eingebundenen Dokumente liegen in einer barrierefreien Form vor.<\/li><li>Die Position des Tastaturfokus ist nicht immer klar ersichtlich.<\/li><li>Kontraste von Schaltfl\u00e4chen sind teilweise unzureichend.<\/li><li>Eingebundene Karten, die etwa der Anfahrtsbeschreibung dienen, wurden noch nicht vollst\u00e4ndig um eine textuelle Form erg\u00e4nzt.<\/li><li>Bewegte Inhalte (Slider) sind nicht immer abschaltbar.<\/li><li>Die Verwendung mancher Zoom-Stufen f\u00fchrt zu einer fehlerbehafteten Darstellung.<\/li><li>Die Website ist zweisprachig (Deutsch und Englisch) konzipiert. Noch liegen nicht f\u00fcr alle Inhalte die entsprechenden deutschen oder englischen \u00dcbersetzungen vor. Anderssprachige W\u00f6rter und Abschnitte werden kaum gekennzeichnet. Falsche oder fehlende Sprachkennzeichnungen werden sukzessive erg\u00e4nzt oder korrigiert.<\/li><li>Der Webauftritt bietet noch keine Angebote in Leichter Sprache oder Geb\u00e4rdensprache.<\/li><li>Vereinzelte HTML5-Fehler k\u00f6nnen trotz aller Bem\u00fchungen nicht ausgeschlossen werden.<\/li><\/ul>\n\n\n\n<p><strong>Begr\u00fcndung<\/strong><\/p>\n\n\n\n<p>Die Technische Universit\u00e4t Chemnitz verf\u00fcgt \u00fcber einen sehr umfangreichen und komplexen Webauftritt, welcher vor dem 23. September 2018 ver\u00f6ffentlicht wurde und der weitgehend dezentral gepflegt wird. Inhalte werden durch eine Vielzahl von Webautoren in den einzelnen Strukturbereichen erstellt. Nicht alle Webautoren \u2013&nbsp;so auch im Sonderforschungsbereich Hybrid Societies \u2013 greifen dabei auf das zentral bereitgestellte Webframework TUCAL zur\u00fcck.<\/p>\n\n\n\n<p>Eine Sensibilisierung und Schulung der Besch\u00e4ftigten, insbesondere der \u2013 auch wechselnden \u2013 Webautoren, hinsichtlich der Pr\u00fcfung von Webseiten und Dokumenten auf Barrierefreiheit ist ein langwieriger und fortlaufender Prozess, welcher nicht zuletzt ressourcenabh\u00e4ngig ist. Zus\u00e4tzlich muss die Verf\u00fcgbarkeit von Tools und Ausstattung mit notwendiger Software finanziert werden und finanzierbar sein.<\/p>\n\n\n\n<p>Bei neu erscheinenden PDF-Dokumenten zum Download bem\u00fchen wir uns, direkt eine barrierefreie Version zur Verf\u00fcgung zu stellen. Bei besonders kurzfristigen Ver\u00f6ffentlichungsfristen oder bei sehr umfangreichen Dokumenten, wie Forschungsberichten, ist das manchmal nicht m\u00f6glich. Dann wird eine zeitnahe Erstellung und Ver\u00f6ffentlichung der barrierefreien Fassung angestrebt. Falls Sie eine bestimmte PDF-Datei ben\u00f6tigen, die noch nicht barrierefrei zur Verf\u00fcgung steht, kontaktieren Sie uns gerne unter der unten genannten Adresse und geben Sie bitte an, in welcher Form Sie die Datei ben\u00f6tigen und an welche E-Mail-Adresse \/ postalische Adresse wir diese senden k\u00f6nnen. Auf die Barrierefreiheit von Dokumenten, die von Dritten zur Verf\u00fcgung gestellt werden, besteht hierbei kein Einfluss.<\/p>\n\n\n\n<p>Folgende Inhalte sind aktuell nicht barrierefrei, allerdings sind sie nach \u00a7&nbsp;1 Absatz 2 Satz 1 BfWebG in Verbindung mit Artikel 1 Absatz 4 der EU-Richtlinie 2016\/2102 von der Verpflichtung ausgenommen:<\/p>\n\n\n\n<ul class=\"wp-block-list\"><li>Datei-Downloads, die vor dem 23.09.2018 ver\u00f6ffentlicht wurden und nicht f\u00fcr aktuelle rechtliche Abl\u00e4ufe bzw. aktive Verwaltungsverfahren ben\u00f6tigt werden,<\/li><li>Audios\/Videos, die vor dem 23.09.2020 ver\u00f6ffentlicht wurden,<\/li><li>Live-Streaming als Audio oder Video,<\/li><li>Karten, deren wesentliche Information in barrierefreier Alternative angeboten wird. Falls zum Beispiel \u00fcber eine Karte die Anfahrt zur Technischen Universit\u00e4t Chemnitz geplant werden kann, wird zus\u00e4tzlich eine Anfahrtsbeschreibung in Textform angeboten<\/li><li>Inhalte und Dokumente Dritter, da diese au\u00dferhalb der Kontrolle der Technischen Universit\u00e4t Chemnitz sind und nicht durch die Technische Universit\u00e4t Chemnitz finanziert oder entwickelt werden.<\/li><\/ul>\n\n\n\n<p>Es werden sukzessive Anpassungen vorgenommen und bestehende Barrieren im Rahmen von Aktualisierungen betroffener Webseiten sowie Entwicklungszyklen des eingesetzten Web-Frameworks WordPress abgebaut. Um die an den Prozessen beteiligten Personen in Bezug auf die Barrierefreiheits-Anforderungen regelm\u00e4\u00dfig zu sensibilisieren und zu deren Umsetzung zu bef\u00e4higen, werden auch in Zukunft Kursangebote Dritter an der Technischen Universit\u00e4t Chemnitz sowie Inhouse-Schulungen eingeplant.<\/p>\n\n\n\n<p><strong>Barrierefreie Alternativen<\/strong><\/p>\n\n\n\n<ul class=\"wp-block-list\"><li>Im Falle von Videos ohne textliche Alternative und f\u00fcr sonstige F\u00e4lle wenden Sie sich bitte an die unten angegebenen Feedback- und Kontakt-M\u00f6glichkeiten.<\/li><\/ul>\n\n\n\n<p><strong>Erstellung dieser Erkl\u00e4rung<\/strong><\/p>\n\n\n\n<p>Diese Erkl\u00e4rung basiert auf der Erkl\u00e4rung der TU Chemnitz vom 04.09.2020 in der Aktualisierung vom 24.02.2021 und wurde am 12.05.2021 erstellt.<\/p>\n\n\n\n<p>Der Stand der Barrierefreiheit der Webseiten wird von der Technischen Universit\u00e4t Chemnitz durch eigene \u00dcberpr\u00fcfungen im Sinne einer kontinuierlichen Selbstbewertung mit Unterst\u00fctzung durch Dritte ermittelt. Die Basis bilden zentral zur Verf\u00fcgung gestellte Handlungsanleitungen, Checklisten f\u00fcr barrierefreie Webseiten und PDF-Dokumente sowie Schulungen.<\/p>\n\n\n\n<p><strong>Feedback und Kontaktangaben<\/strong><\/p>\n\n\n\n<p>M\u00e4ngel unserer Webseiten in Bezug auf die Einhaltung der Barrierefreiheitsanforderungen k\u00f6nnen jederzeit per E-Mail an <a href=\"m&#97;&#105;&#x6c;&#x74;o:&#104;&#121;&#x62;&#x72;id&#115;&#111;&#x63;&#x69;et&#105;&#x65;&#x73;&#x2d;w&#101;&#98;&#x40;&#x6c;&#x69;s&#116;&#115;&#x2e;&#x74;&#x75;-&#99;&#104;&#x65;&#x6d;&#x6e;i&#116;&#122;&#x2e;&#x64;&#x65;\">hyb&#114;&#105;&#100;&#115;&#x6f;&#x63;&#x69;&#x65;&#x74;&#x69;&#x65;s-w&#101;&#98;&#64;&#108;&#105;&#x73;&#x74;&#x73;&#x2e;&#x74;&#x75;-che&#109;&#110;&#105;&#116;&#x7a;&#x2e;&#x64;&#x65;<\/a> oder&nbsp; <a href=\"ma&#105;&#108;&#x74;&#x6f;&#x3a;&#x62;ar&#114;&#105;&#x65;&#x72;&#x65;&#x66;re&#105;&#104;&#101;&#x69;&#x74;&#x40;&#x74;u-&#99;&#104;&#x65;&#x6d;&#x6e;&#x69;tz&#46;&#100;&#x65;\">ba&#114;&#114;&#105;&#101;&#x72;&#x65;&#x66;&#x72;&#x65;ih&#101;&#105;&#116;&#64;&#x74;&#x75;&#x2d;&#x63;&#x68;em&#110;&#105;&#116;&#122;&#x2e;&#x64;&#x65;<\/a> mitgeteilt werden. Wir werden versuchen, die mitgeteilten M\u00e4ngel umgehend zu beseitigen, bzw. Ihnen nicht zug\u00e4ngliche Informationen in barrierefreier Form zur Verf\u00fcgung zu stellen.<\/p>\n\n\n\n<p>Bei Fragen, R\u00fcckmeldungen oder ben\u00f6tigten Informationen zu nicht barrierefreien Inhalten k\u00f6nnen Sie sich an folgende Ansprechpartner wenden:<\/p>\n\n\n\n<p>Webmaster des SFB Hybrid Societies an der TU Chemnitz<br>E-Mail: <a href=\"&#x6d;&#x61;&#x69;&#x6c;&#116;&#111;:hy&#x62;&#x72;&#x69;&#x64;&#115;&#111;cie&#x74;&#x69;&#x65;&#x73;&#45;&#119;&#101;b&#64;&#x6c;&#x69;&#x73;&#x74;&#115;&#46;&#116;u-&#x63;&#x68;&#x65;&#x6d;&#110;&#105;&#116;z&#46;&#x64;&#x65;\">&#x68;&#x79;&#98;r&#x69;&#x64;&#115;oc&#x69;&#x65;&#116;i&#x65;&#x73;&#45;&#119;e&#x62;&#x40;&#108;i&#x73;&#x74;&#115;&#46;t&#x75;&#x2d;&#99;h&#x65;&#x6d;&#110;&#105;t&#x7a;&#x2e;&#100;e<\/a><br>Teilprojekt \u00d6ffentlichkeitsarbeit&nbsp;<br>Telefon: +49 371 531-19441<br>Anschrift: Reichenhainer Stra\u00dfe 70, Raum M206 (neu: C16.206), 09126 Chemnitz<\/p>\n\n\n\n<p>Dr. Uwe Dombeck (Zentraler Webkoordinator f\u00fcr digitale Barrierefreiheit im Universit\u00e4tsrechenzentrum)<br>E-Mail: &#117;&#x77;e&#46;&#x64;o&#109;&#x62;e&#99;&#x6b;&#64;&#104;&#x72;&#122;&#x2e;&#x74;&#117;&#x2d;&#x63;&#104;&#x65;m&#110;&#x69;t&#122;&#x2e;d&#101;<br>Telefon: +49 371 531-36742<br>Anschrift: Stra\u00dfe der Nationen 62, Raum 1\/B302B (neu: A11.302.2), 09111 Chemnitz<\/p>\n\n\n\n<p>Dr. Daniela Menzel (Koordinatorin f\u00fcr Inklusion und Ansprechpartnerin f\u00fcr Studierende mit Beeintr\u00e4chtigungen)<br>E-Mail: &#105;n&#x6b;l&#x75;s&#x69;o&#x6e;&#64;&#x74;&#117;&#x2d;&#99;&#x68;&#101;m&#110;i&#x74;z&#x2e;d&#x65;<br>Telefon: +49 371 531-34939<br>Anschrift: Stra\u00dfe der Nationen 62, Raum 1\/047 (neu: A10.047), 09111 Chemnitz<br><a href=\"https:\/\/www.tu-chemnitz.de\/tu\/inklusion\/\">Inklusion an der Technischen Universit\u00e4t Chemnitz<\/a><\/p>\n\n\n\n<p><strong>Durchsetzungsverfahren<\/strong><\/p>\n\n\n\n<p>Die Technische Universit\u00e4t Chemnitz ist selbstverst\u00e4ndlich darum bem\u00fcht, Ihre Hinweise, Anregungen und Anfragen innerhalb einer angemessenen Frist (in der Regel maximal vier Wochen) zu beantworten. Sollte eine Antwort unterbleiben oder f\u00fcr Sie nicht zufriedenstellend sein, k\u00f6nnen Sie sich an die nachfolgende S\u00e4chsische Durchsetzungs- und Schlichtungsstelle wenden.<\/p>\n\n\n\n<p>Die Durchsetzungsstelle unterst\u00fctzt eine au\u00dfergerichtliche Streitbeilegung, wenn Konflikte zwischen \u00f6ffentlichen Stellen in Sachsen und Menschen mit Behinderungen auftreten. Dieses Schlichtungsverfahren ist kostenlos. Die Einschaltung eines Rechtsbeistands ist nicht erforderlich. Sie erreichen die Durchsetzungsstelle unter folgenden Kontaktangaben:<\/p>\n\n\n\n<p>Beauftragter der S\u00e4chsischen Staatsregierung f\u00fcr die Belange von Menschen mit Behinderungen (Stephan P\u00f6hler)<br>Albertstra\u00dfe 10<br>01097 Dresden<\/p>\n\n\n\n<p>Postanschrift: Archivstra\u00dfe 1, 01097 Dresden<br>E-Mail: &#x69;&#x6e;&#x66;&#x6f;&#x2e;&#x62;&#x65;&#x68;&#x69;&#x6e;&#x64;&#x65;&#x72;&#x74;&#x65;&#x6e;&#x62;&#x65;&#x61;&#x75;&#x66;&#x74;&#x72;&#x61;&#x67;&#x74;&#x65;&#x72;&#x40;&#x73;&#x6b;&#x2e;&#x73;&#x61;&#x63;&#x68;&#x73;&#x65;&#x6e;&#x2e;&#x64;&#x65;<br>Telefon: +49 351 564-12161<br>Fax: +49 351 564-12169<\/p>\n","protected":false},"excerpt":{"rendered":"<p>Hinweis: Aus Gr\u00fcnden der besseren Lesbarkeit wird im Folgenden in der Regel das generische Maskulinum verwendet. S\u00e4mtliche Personen-, Amts- und Funktionsbezeichnungen gelten gleicherma\u00dfen f\u00fcr alle Geschlechter. Der Sonderforschungsbereich Hybrid Societies als Forschungsverbund an der Technischen Universit\u00e4t Chemnitz ist kontinuierlich bem\u00fcht, seine Webseiten gem\u00e4\u00df dem S\u00e4chsischen Inklusionsgesetz und Barrierefreie-Websites-Gesetz in Verbindung mit der Verordnung zur Schaffung [&hellip;]<\/p>\n","protected":false},"author":2,"featured_media":0,"parent":0,"menu_order":0,"comment_status":"closed","ping_status":"closed","template":"","meta":{"_acf_changed":false,"episode_type":"","audio_file":"","podmotor_file_id":"","podmotor_episode_id":"","cover_image":"","cover_image_id":"","duration":"","filesize":"","filesize_raw":"","date_recorded":"","explicit":"","block":"","itunes_episode_number":"","itunes_title":"","itunes_season_number":"","itunes_episode_type":"","footnotes":""},"class_list":["post-1737","page","type-page","status-publish","hentry"],"acf":[],"_links":{"self":[{"href":"https:\/\/hybrid-societies.org\/en\/wp-json\/wp\/v2\/pages\/1737","targetHints":{"allow":["GET"]}}],"collection":[{"href":"https:\/\/hybrid-societies.org\/en\/wp-json\/wp\/v2\/pages"}],"about":[{"href":"https:\/\/hybrid-societies.org\/en\/wp-json\/wp\/v2\/types\/page"}],"author":[{"embeddable":true,"href":"https:\/\/hybrid-societies.org\/en\/wp-json\/wp\/v2\/users\/2"}],"replies":[{"embeddable":true,"href":"https:\/\/hybrid-societies.org\/en\/wp-json\/wp\/v2\/comments?post=1737"}],"version-history":[{"count":6,"href":"https:\/\/hybrid-societies.org\/en\/wp-json\/wp\/v2\/pages\/1737\/revisions"}],"predecessor-version":[{"id":2540,"href":"https:\/\/hybrid-societies.org\/en\/wp-json\/wp\/v2\/pages\/1737\/revisions\/2540"}],"wp:attachment":[{"href":"https:\/\/hybrid-societies.org\/en\/wp-json\/wp\/v2\/media?parent=1737"}],"curies":[{"name":"wp","href":"https:\/\/api.w.org\/{rel}","templated":true}]}}