{"id":3417,"date":"2022-05-24T15:48:13","date_gmt":"2022-05-24T13:48:13","guid":{"rendered":"https:\/\/hybrid-societies.org\/?page_id=3417"},"modified":"2022-05-24T16:12:46","modified_gmt":"2022-05-24T14:12:46","slug":"workshop","status":"publish","type":"page","link":"https:\/\/hybrid-societies.org\/en\/workshop\/","title":{"rendered":"Workshop-ForumZukunft"},"content":{"rendered":"\n<p><\/p>\n\n\n\n<p><strong><br>Ort:<\/strong>\u00a0Stadtlabor, Br\u00fchl 40, 09111 Chemnitz<br><strong>Zeit:<\/strong>\u00a017:00 bis 19:00<br><strong>Gastgeber:<\/strong>\u00a0<a href=\"https:\/\/hybrid-societies.org\/people\/prof-dr-christian-pentzold\/\" data-type=\"URL\" data-id=\"https:\/\/hybrid-societies.org\/people\/prof-dr-christian-pentzold\/\">Prof. Dr. Christian Pentzold<\/a>,<a href=\"https:\/\/hybrid-societies.org\/people\/ingmar-rothe\/\" data-type=\"people\" data-id=\"1367\"> Ingmar Rothe<\/a><br><strong>Referent:<\/strong>\u00a0Dr. Andreas Bischof<\/p>\n\n\n\n<p>Sie waren mit uns beim ForumZukunft und nun geht Ihnen eine Frage nach, die Sie nicht losl\u00e4sst? Sie wollten ohnehin gern etwas fragen, sind aber nicht dazu gekommen? Sie wollen etwas wissen \u00fcber eine bestimmte Technologie, die in den Vortr\u00e4gen noch nicht thematisiert wurde? Oder haben Sie eine Idee f\u00fcr ein ForumZukunft, die Sie gern verwirklicht haben m\u00f6chten (ein Wunschthema, einen Wunschgast, eine Podiumsdiskussion oder dergleichen)? Oder m\u00f6chten Sie vielleicht einfach weiter \u00fcber die Herausforderungen einer hybriden Gesellschaft sprechen \u2013 aber in kleinerer Runde?\u00a0<br>Dann ist der WorkshopZukunft das Richtige f\u00fcr Sie. Wir laden Sie ein in das Stadtlabor des Sonderforschungsbereichs, um Ihre Themen aufzugreifen und bei einer Tasse Kaffee oder Tee mit Ihnen gemeinsam weiter \u00fcber hybride Gesellschaften und (teil)autonome Technologien nachzudenken und zu sprechen. \u00a0<\/p>\n\n\n\n<p>Wir freuen uns auf Sie \u2013 melden Sie sich am besten gleich an!<\/p>\n\n\n<noscript class=\"ninja-forms-noscript-message\">\n\tNotice: JavaScript is required for this content.<\/noscript>\n<div id=\"nf-form-4-cont\" class=\"nf-form-cont\" aria-live=\"polite\" aria-labelledby=\"nf-form-title-4\" aria-describedby=\"nf-form-errors-4\" role=\"form\">\n\n    <div class=\"nf-loading-spinner\"><\/div>\n\n<\/div>\n        <!-- That data is being printed as a workaround to page builders reordering the order of the scripts loaded-->\n        <script>var formDisplay=1;var nfForms=nfForms||[];var form=[];form.id='4';form.settings={\"objectType\":\"Form Setting\",\"editActive\":true,\"title\":\"Event: ForumZUKUNFT\",\"created_at\":\"2022-04-08 20:32:26\",\"form_title\":\"Event Registration\",\"default_label_pos\":\"below\",\"show_title\":\"0\",\"clear_complete\":\"1\",\"hide_complete\":\"1\",\"logged_in\":\"0\",\"key\":\"\",\"wrapper_class\":\"\",\"element_class\":\"\",\"add_submit\":\"0\",\"not_logged_in_msg\":\"\",\"sub_limit_number\":\"\",\"sub_limit_msg\":\"\",\"calculations\":[],\"formContentData\":[\"hr_1638371442624\",\"vorname_1623145081022\",\"nachname_1623145085199\",\"e-mail_1638369723109\",\"bemerkungen_1649834727120\",\"bestaetigung_and_nbsp_der_and_nbsp_datenschutzerklaerung_1638439621684\",\"hr_2\",\"absenden_1624982425298\"],\"currency\":\"\",\"unique_field_error\":\"A form with this value has already been submitted.\",\"repeatable_fieldsets\":\"\",\"changeEmailErrorMsg\":\"Please enter a valid email address!\",\"changeDateErrorMsg\":\"Please enter a valid date!\",\"confirmFieldErrorMsg\":\"These fields must match!\",\"fieldNumberNumMinError\":\"Number Min Error\",\"fieldNumberNumMaxError\":\"Number Max Error\",\"fieldNumberIncrementBy\":\"Please increment by \",\"formErrorsCorrectErrors\":\"Please correct errors before submitting this form.\",\"validateRequiredField\":\"This is a required field.\",\"honeypotHoneypotError\":\"Honeypot Error\",\"fieldsMarkedRequired\":\"Fields marked with an <span class=\\\"ninja-forms-req-symbol\\\">*<\\\/span> are required\",\"drawerDisabled\":false,\"allow_public_link\":0,\"embed_form\":\"\",\"form_title_heading_level\":\"3\",\"ninjaForms\":\"Ninja Forms\",\"fieldTextareaRTEInsertLink\":\"Insert Link\",\"fieldTextareaRTEInsertMedia\":\"Insert Media\",\"fieldTextareaRTESelectAFile\":\"Select a file\",\"tableInsertRowAbove\":\"Insert Row Above\",\"tableInsertRowBelow\":\"Insert Row Below\",\"tableInsertColumnLeft\":\"Insert Column Left\",\"tableInsertColumnRight\":\"Insert Column Right\",\"tableDeleteRow\":\"Delete Row\",\"tableDeleteColumn\":\"Delete Column\",\"tableDeleteTable\":\"Delete Table\",\"tableLegacyNotice\":\"This content has tables in the old editor format. Custom styles are preserved until converted. Editing will update to the new format.\",\"tableLegacyConvert\":\"Convert Now\",\"tableInsertTable\":\"Insert Table\",\"dismiss\":\"Dismiss\",\"insertLink\":\"Insert Link\",\"formHoneypot\":\"If you are a human seeing this field, please leave it empty.\",\"fileUploadOldCodeFileUploadInProgress\":\"File Upload in Progress.\",\"fileUploadOldCodeFileUpload\":\"FILE UPLOAD\",\"currencySymbol\":\"&#36;\",\"thousands_sep\":\",\",\"decimal_point\":\".\",\"siteLocale\":\"en_US\",\"dateFormat\":\"m\\\/d\\\/Y\",\"startOfWeek\":\"1\",\"of\":\"of\",\"previousMonth\":\"Previous Month\",\"nextMonth\":\"Next Month\",\"months\":[\"January\",\"February\",\"March\",\"April\",\"May\",\"June\",\"July\",\"August\",\"September\",\"October\",\"November\",\"December\"],\"monthsShort\":[\"Jan\",\"Feb\",\"Mar\",\"Apr\",\"May\",\"Jun\",\"Jul\",\"Aug\",\"Sep\",\"Oct\",\"Nov\",\"Dec\"],\"weekdays\":[\"Sunday\",\"Monday\",\"Tuesday\",\"Wednesday\",\"Thursday\",\"Friday\",\"Saturday\"],\"weekdaysShort\":[\"Sun\",\"Mon\",\"Tue\",\"Wed\",\"Thu\",\"Fri\",\"Sat\"],\"weekdaysMin\":[\"Su\",\"Mo\",\"Tu\",\"We\",\"Th\",\"Fr\",\"Sa\"],\"recaptchaConsentMissing\":\"reCaptcha validation couldn&#039;t load.\",\"recaptchaMissingCookie\":\"reCaptcha v3 validation couldn&#039;t load the cookie needed to submit the form.\",\"recaptchaConsentEvent\":\"Accept reCaptcha cookies before sending the form.\",\"currency_symbol\":\"\",\"beforeForm\":\"\",\"beforeFields\":\"\",\"afterFields\":\"\",\"afterForm\":\"\"};form.fields=[{\"objectType\":\"Field\",\"objectDomain\":\"fields\",\"editActive\":false,\"order\":1,\"idAttribute\":\"id\",\"type\":\"hr\",\"label\":\"Trennung\",\"container_class\":\"\",\"element_class\":\"\",\"key\":\"hr_1638371442624\",\"field_label\":\"Trennung\",\"field_key\":\"hr_1638371442624\",\"drawerDisabled\":false,\"id\":37,\"beforeField\":\"\",\"afterField\":\"\",\"value\":\"\",\"label_pos\":\"below\",\"parentType\":\"hr\",\"element_templates\":[\"hr\",\"input\"],\"old_classname\":\"\",\"wrap_template\":\"wrap\"},{\"objectType\":\"Field\",\"objectDomain\":\"fields\",\"editActive\":false,\"order\":2,\"idAttribute\":\"id\",\"label\":\"Vorname\",\"key\":\"vorname_1623145081022\",\"type\":\"firstname\",\"created_at\":\"2016-08-28 16:16:05\",\"label_pos\":\"below\",\"required\":1,\"default\":\"\",\"placeholder\":\"Vorname\",\"container_class\":\"one-half first\",\"element_class\":\"\",\"admin_label\":\"\",\"help_text\":\"\",\"desc_text\":\"\",\"field_label\":\"Vorname\",\"field_key\":\"vorname_1623145081022\",\"custom_name_attribute\":\"fname\",\"personally_identifiable\":1,\"value\":\"\",\"id\":30,\"beforeField\":\"\",\"afterField\":\"\",\"parentType\":\"firstname\",\"element_templates\":[\"firstname\",\"input\"],\"old_classname\":\"\",\"wrap_template\":\"wrap\"},{\"objectType\":\"Field\",\"objectDomain\":\"fields\",\"editActive\":false,\"order\":3,\"idAttribute\":\"id\",\"label\":\"Nachname\",\"key\":\"nachname_1623145085199\",\"type\":\"lastname\",\"created_at\":\"2016-08-28 16:16:05\",\"label_pos\":\"below\",\"required\":1,\"default\":\"\",\"placeholder\":\"Nachname\",\"container_class\":\"one-half\",\"element_class\":\"\",\"admin_label\":\"\",\"help_text\":\"\",\"desc_text\":\"\",\"field_label\":\"Nachname\",\"field_key\":\"nachname_1623145085199\",\"custom_name_attribute\":\"lname\",\"personally_identifiable\":1,\"value\":\"\",\"id\":31,\"beforeField\":\"\",\"afterField\":\"\",\"parentType\":\"lastname\",\"element_templates\":[\"lastname\",\"input\"],\"old_classname\":\"\",\"wrap_template\":\"wrap\"},{\"objectType\":\"Field\",\"objectDomain\":\"fields\",\"editActive\":false,\"order\":4,\"idAttribute\":\"id\",\"label\":\"E-Mail\",\"key\":\"e-mail_1638369723109\",\"type\":\"email\",\"created_at\":\"2016-08-28 16:16:05\",\"label_pos\":\"below\",\"required\":1,\"default\":\"\",\"placeholder\":\"E-Mail\",\"container_class\":\"one-half first\",\"element_class\":\"\",\"admin_label\":\"\",\"help_text\":\"\",\"desc_text\":\"\",\"field_label\":\"E-Mail\",\"field_key\":\"e-mail_1638369723109\",\"custom_name_attribute\":\"email\",\"personally_identifiable\":1,\"value\":\"\",\"drawerDisabled\":\"\",\"id\":32,\"beforeField\":\"\",\"afterField\":\"\",\"parentType\":\"email\",\"element_templates\":[\"email\",\"input\"],\"old_classname\":\"\",\"wrap_template\":\"wrap\"},{\"objectType\":\"Field\",\"objectDomain\":\"fields\",\"editActive\":false,\"order\":5,\"idAttribute\":\"id\",\"label\":\"Bemerkungen\",\"type\":\"textbox\",\"key\":\"bemerkungen_1649834727120\",\"label_pos\":\"below\",\"required\":false,\"default\":\"\",\"placeholder\":\"Bemerkungen\",\"container_class\":\"one-half\",\"element_class\":\"\",\"input_limit\":\"\",\"input_limit_type\":\"characters\",\"input_limit_msg\":\"verbleibende(s) Zeichen\",\"manual_key\":false,\"admin_label\":\"\",\"help_text\":\"\",\"mask\":\"\",\"custom_mask\":\"\",\"custom_name_attribute\":\"\",\"personally_identifiable\":\"\",\"value\":\"\",\"drawerDisabled\":false,\"id\":38,\"beforeField\":\"\",\"afterField\":\"\",\"parentType\":\"textbox\",\"element_templates\":[\"textbox\",\"input\"],\"old_classname\":\"\",\"wrap_template\":\"wrap\"},{\"objectType\":\"Field\",\"objectDomain\":\"fields\",\"editActive\":false,\"order\":6,\"idAttribute\":\"id\",\"type\":\"checkbox\",\"label\":\"Best\\u00e4tigung&nbsp;der&nbsp;Datenschutzerkl\\u00e4rung\",\"key\":\"bestaetigung_and_nbsp_der_and_nbsp_datenschutzerklaerung_1638439621684\",\"label_pos\":\"right\",\"required\":1,\"container_class\":\"one-half first\",\"element_class\":\"\",\"manual_key\":\"\",\"admin_label\":\"\",\"help_text\":\"\",\"desc_text\":\"<p><a href=\\\"https:\\\/\\\/hybrid-societies.org\\\/datenschutzerklarung\\\/\\\">Datenschutzerkl\\u00e4rung<\\\/a><br><\\\/p>\",\"default_value\":\"unchecked\",\"checked_value\":\"Ausgew\\u00e4hlt\",\"unchecked_value\":\"Nicht ausgew\\u00e4hlt\",\"checked_calc_value\":\"\",\"unchecked_calc_value\":\"\",\"drawerDisabled\":false,\"field_label\":\"Best\\u00e4tigung&nbsp;der&nbsp;Datenschutzerkl\\u00e4rung\",\"field_key\":\"bestaetigung_and_nbsp_der_and_nbsp_datenschutzerklaerung_1638439621684\",\"id\":36,\"beforeField\":\"\",\"afterField\":\"\",\"value\":\"\",\"parentType\":\"checkbox\",\"element_templates\":[\"checkbox\",\"input\"],\"old_classname\":\"\",\"wrap_template\":\"wrap\"},{\"objectType\":\"Field\",\"objectDomain\":\"fields\",\"editActive\":false,\"order\":7,\"idAttribute\":\"id\",\"label\":\"Divider\",\"key\":\"hr_2\",\"type\":\"hr\",\"created_at\":\"2016-08-28 16:16:05\",\"container_class\":\"\",\"element_class\":\"\",\"field_label\":\"Divider\",\"field_key\":\"hr_2\",\"drawerDisabled\":\"\",\"id\":34,\"beforeField\":\"\",\"afterField\":\"\",\"value\":\"\",\"label_pos\":\"below\",\"parentType\":\"hr\",\"element_templates\":[\"hr\",\"input\"],\"old_classname\":\"\",\"wrap_template\":\"wrap\"},{\"objectType\":\"Field\",\"objectDomain\":\"fields\",\"editActive\":false,\"order\":8,\"idAttribute\":\"id\",\"label\":\"Absenden\",\"key\":\"absenden_1624982425298\",\"type\":\"submit\",\"created_at\":\"2016-08-28 16:16:05\",\"processing_label\":\"verarbeite\",\"container_class\":\"\",\"element_class\":\"\",\"field_label\":\"Absenden\",\"field_key\":\"absenden_1624982425298\",\"drawerDisabled\":false,\"manual_key\":true,\"id\":35,\"beforeField\":\"\",\"afterField\":\"\",\"value\":\"\",\"label_pos\":\"below\",\"parentType\":\"textbox\",\"element_templates\":[\"submit\",\"button\",\"input\"],\"old_classname\":\"\",\"wrap_template\":\"wrap-no-label\"}];nfForms.push(form);<\/script>\n        ","protected":false},"excerpt":{"rendered":"<p>Ort:\u00a0Stadtlabor, Br\u00fchl 40, 09111 ChemnitzZeit:\u00a017:00 bis 19:00Gastgeber:\u00a0Prof. Dr. Christian Pentzold, Ingmar RotheReferent:\u00a0Dr. Andreas Bischof Sie waren mit uns beim ForumZukunft und nun geht Ihnen eine Frage nach, die Sie nicht losl\u00e4sst? Sie wollten ohnehin gern etwas fragen, sind aber nicht dazu gekommen? Sie wollen etwas wissen \u00fcber eine bestimmte Technologie, die in den Vortr\u00e4gen noch [&hellip;]<\/p>\n","protected":false},"author":2,"featured_media":0,"parent":0,"menu_order":0,"comment_status":"closed","ping_status":"closed","template":"","meta":{"_acf_changed":false,"episode_type":"","audio_file":"","podmotor_file_id":"","podmotor_episode_id":"","cover_image":"","cover_image_id":"","duration":"","filesize":"","filesize_raw":"","date_recorded":"","explicit":"","block":"","itunes_episode_number":"","itunes_title":"","itunes_season_number":"","itunes_episode_type":"","footnotes":""},"class_list":["post-3417","page","type-page","status-publish","hentry"],"acf":[],"_links":{"self":[{"href":"https:\/\/hybrid-societies.org\/en\/wp-json\/wp\/v2\/pages\/3417","targetHints":{"allow":["GET"]}}],"collection":[{"href":"https:\/\/hybrid-societies.org\/en\/wp-json\/wp\/v2\/pages"}],"about":[{"href":"https:\/\/hybrid-societies.org\/en\/wp-json\/wp\/v2\/types\/page"}],"author":[{"embeddable":true,"href":"https:\/\/hybrid-societies.org\/en\/wp-json\/wp\/v2\/users\/2"}],"replies":[{"embeddable":true,"href":"https:\/\/hybrid-societies.org\/en\/wp-json\/wp\/v2\/comments?post=3417"}],"version-history":[{"count":3,"href":"https:\/\/hybrid-societies.org\/en\/wp-json\/wp\/v2\/pages\/3417\/revisions"}],"predecessor-version":[{"id":3422,"href":"https:\/\/hybrid-societies.org\/en\/wp-json\/wp\/v2\/pages\/3417\/revisions\/3422"}],"wp:attachment":[{"href":"https:\/\/hybrid-societies.org\/en\/wp-json\/wp\/v2\/media?parent=3417"}],"curies":[{"name":"wp","href":"https:\/\/api.w.org\/{rel}","templated":true}]}}